{"id":20,"date":"2014-07-23T19:22:12","date_gmt":"2014-07-23T19:22:12","guid":{"rendered":"http:\/\/in-sight.eu\/?page_id=20"},"modified":"2026-05-04T17:41:48","modified_gmt":"2026-05-04T17:41:48","slug":"enetimer-med-iris","status":"publish","type":"page","link":"http:\/\/in-sight.eu\/?page_id=20","title":{"rendered":"Personlig tr\u00e6ning med Iris"},"content":{"rendered":"<p dir=\"ltr\"><span style=\"font-family: trebuchet ms,geneva; font-size: 12pt;\"><strong><span style=\"font-family: 'trebuchet ms', geneva, sans-serif;\">Jeg tilbyder enetimer p\u00e5 dansk, engelsk og tysk:\u00a0<\/span><\/strong><\/span><\/p>\n<ul dir=\"ltr\">\n<li>\n<div><span style=\"font-family: 'trebuchet ms', geneva, sans-serif; font-size: 12pt;\"><a href=\"http:\/\/in-sight.eu\/wp-content\/uploads\/2024\/12\/202412-2_Iris.jpeg\"><img loading=\"lazy\" decoding=\"async\" class=\"alignright  wp-image-586\" src=\"http:\/\/in-sight.eu\/wp-content\/uploads\/2024\/12\/202412-2_Iris.jpeg\" alt=\"\" width=\"225\" height=\"327\" \/><\/a>Individuelle yogaprogrammer. Dine skr\u00e6ddersyede \u00f8velser bliver optaget p\u00e5 din telefon<\/span><\/div>\n<\/li>\n<li>\n<div><span style=\"font-family: 'trebuchet ms', geneva, sans-serif; font-size: 12pt;\">Fortl\u00f8bende yogaundervisning<\/span><\/div>\n<\/li>\n<li>\n<div><span style=\"font-family: 'trebuchet ms', geneva, sans-serif; font-size: 12pt;\">\u00c5ndedr\u00e6tsterapi iflg. yoga<\/span><\/div>\n<\/li>\n<li>\n<div><span style=\"font-family: 'trebuchet ms', geneva, sans-serif; font-size: 12pt;\">Hormonyoga for kvinder i overgangsalderen<\/span><\/div>\n<\/li>\n<li>\n<div><span style=\"font-family: 'trebuchet ms', geneva, sans-serif; font-size: 12pt;\">Sessioner i tilgivelse<\/span><\/div>\n<\/li>\n<li>\n<div><span style=\"font-family: 'trebuchet ms', geneva, sans-serif; font-size: 12pt;\">Enetimer, eller sm\u00e5 hold i Systemiske Familieopstillinger<\/span><\/div>\n<\/li>\n<li>\n<div><span style=\"font-family: 'trebuchet ms', geneva, sans-serif; font-size: 12pt;\">Undervisning\/coaching efter Art Reade&#8217;s principper<\/span><\/div>\n<\/li>\n<li>\n<div><span style=\"font-family: 'trebuchet ms', geneva, sans-serif; font-size: 12pt;\">Weekendkurser\/foredrag\/workshops i samtlige emner hjemme hos dig, efter aftale<\/span><\/div>\n<\/li>\n<li><span style=\"font-family: 'trebuchet ms', geneva, sans-serif;\">For virksomheder: Ugentlige timer eller endags seminarer<\/span><\/li>\n<\/ul>\n<p><span style=\"font-family: 'trebuchet ms', geneva, sans-serif; font-size: 12pt;\"><strong>For at lave en aftale ring\/sms:<\/strong>\u00a020 64 58 19<\/span><\/p>\n<p><span style=\"font-family: 'trebuchet ms', geneva, sans-serif; font-size: 12pt;\"><strong>Pris<\/strong> ved undervisning i In-Sight Yoga Studio, Dagmarsgade 5,4.th., 2200 K\u00f8benhavn N.<\/span><\/p>\n<ul>\n<li><span style=\"font-family: 'trebuchet ms', geneva, sans-serif; font-size: 12pt;\">1.125 kr. pr. gang (60 &#8211; 75 min.) for \u00e9n person. Inkl. moms.<\/span><\/li>\n<li><span style=\"font-family: 'trebuchet ms', geneva, sans-serif; font-size: 12pt;\">2.825 kr. for 3 gange ved forudbetaling <sup><strong>1)\u00a0\u00a0<\/strong><\/sup>Inkl. moms.<\/span><\/li>\n<li><span style=\"font-family: 'trebuchet ms', geneva, sans-serif; font-size: 12pt;\">Ved almindelig yogaundervisning (uden at der bliver lagt program til hjemmebrug): 3.750 kr. for 5 gange ved forudbetaling. Inkl. moms.<\/span><\/li>\n<\/ul>\n<p><span style=\"font-family: 'trebuchet ms', geneva, sans-serif; font-size: 12pt;\"><sup><strong>1)<\/strong><\/sup> <\/span><br \/><span style=\"font-family: 'trebuchet ms', geneva, sans-serif; font-size: 12pt;\"> For yoga enetimer anbefaler jeg 3 gange.<\/span><br \/><span style=\"font-family: 'trebuchet ms', geneva, sans-serif; font-size: 12pt;\"> Den f\u00f8rste gang taler vi sammen, jeg ser p\u00e5 dig, vi afpr\u00f8ver nogle \u00f8velser og du f\u00e5r et forel\u00f8bigt program med hjem.<\/span><br \/><span style=\"font-family: 'trebuchet ms', geneva, sans-serif; font-size: 12pt;\"> Anden gang giver du feedback p\u00e5 programmet, jeg justerer og vi afpr\u00f8ver det nye program, som vi optager p\u00e5 din telefon.<\/span><br \/><span style=\"font-family: 'trebuchet ms', geneva, sans-serif; font-size: 12pt;\"> Tredje gang f\u00e6rdigjusterer vi programmet, du f\u00e5r ekstra tips og detaljer.<\/span><br \/><span style=\"font-family: 'trebuchet ms', geneva, sans-serif; font-size: 12pt;\"> I hver time indg\u00e5r desuden en afsp\u00e6nding.<\/span><\/p>\n<p><span style=\"font-family: 'trebuchet ms', geneva, sans-serif; font-size: 12pt;\"><strong>Mit grundlag for enetimer er:<\/strong><\/span><\/p>\n<ul>\n<li><span style=\"font-family: 'trebuchet ms', geneva, sans-serif; font-size: 12pt;\">Basis yogal\u00e6rer uddannelse hos Guni Martin (Integral Yoga, Satyananda lineage) 1986 &#8211; 1989<\/span><\/li>\n<li><span style=\"font-family: 'trebuchet ms', geneva, sans-serif; font-size: 12pt;\">Talrige efteruddannelser i forskellige fysiske yogaformer, samt yogafilosofi og &#8211; psykologi<\/span><\/li>\n<li><span style=\"font-family: 'trebuchet ms', geneva, sans-serif; font-size: 12pt;\">Uddannelse som vejleder i &#8220;Unconditional Love and Forgiveness&#8221; hos Edith Stauffer, Psychosynthesis International, California, 1993<\/span><\/li>\n<li><span style=\"font-family: 'trebuchet ms', geneva, sans-serif; font-size: 12pt;\">Yogaterapi uddannelse hos European Center for Yoga Therapy (ECYT) 2003 &#8211; 2004<\/span><\/li>\n<li><span style=\"font-family: 'trebuchet ms', geneva, sans-serif; font-size: 12pt;\">Uddannelse i Systemiske Familieopstillinger, efter Bert Hellinger, hos Elisa Sch\u00fcler-Mombaur 2005 &#8211; 2007<\/span><\/li>\n<li><span style=\"font-family: 'trebuchet ms', geneva, sans-serif; font-size: 12pt;\">Uddannelse i Hormon Yoga efter Dinah Rodrigues 2010 (hos Dinah selv).<\/span><\/li>\n<li><span style=\"font-family: 'trebuchet ms', geneva, sans-serif; font-size: 12pt;\">Reiki Healing, Master certifikat, Rishikesh, Indien 2011 &#8211; 2012<\/span><\/li>\n<li><span style=\"font-family: 'trebuchet ms', geneva, sans-serif; font-size: 12pt;\">Yogaterapi uddannelse efter Anusara principper hos Jordan Bloom, 2012<\/span><\/li>\n<li><span style=\"font-family: 'trebuchet ms', geneva, sans-serif; font-size: 12pt;\">Yogaterapi uddannelse i Svastha Yoga Therapy, med Dr. Ganesh Mohan og Dr. Guenter Nissen, 2013 -2018<\/span><\/li>\n<li><span style=\"font-family: 'trebuchet ms', geneva, sans-serif;\">Restorativ yogal\u00e6rerer uddannelse ved Sussie Hayman Jensen, 2021.<\/span><\/li>\n<li><span style=\"font-family: 'trebuchet ms', geneva, sans-serif; font-size: 12pt;\">34 \u00e5rs samarbejde med den spirituelle l\u00e6rer Art Reade<\/span><\/li>\n<li><span style=\"font-family: 'trebuchet ms', geneva, sans-serif; font-size: 12pt;\">Mere end 40 \u00e5rs undervisningserfaring<\/span><\/li>\n<\/ul>\n<hr \/>\n<p style=\"text-align: center;\"><span style=\"font-family: 'trebuchet ms', geneva, sans-serif; font-size: 12pt;\">In-Sight v\/Iris U. Schneider, Dagmarsgade\u00a05, 4. th., 2200 K\u00f8benhavn N, CVR: 13798192<br \/><\/span><\/p>\n\n\n<p><\/p>\n","protected":false},"excerpt":{"rendered":"<p>Jeg tilbyder enetimer p\u00e5 dansk, engelsk og tysk:\u00a0 Individuelle yogaprogrammer. Dine skr\u00e6ddersyede \u00f8velser bliver optaget p\u00e5 din telefon Fortl\u00f8bende yogaundervisning \u00c5ndedr\u00e6tsterapi iflg. yoga Hormonyoga for kvinder i overgangsalderen Sessioner i tilgivelse Enetimer, eller sm\u00e5 hold i Systemiske Familieopstillinger Undervisning\/coaching efter &hellip; <a href=\"http:\/\/in-sight.eu\/?page_id=20\">L\u00e6s resten <span class=\"meta-nav\">&rarr;<\/span><\/a><\/p>\n","protected":false},"author":1,"featured_media":0,"parent":0,"menu_order":3,"comment_status":"closed","ping_status":"closed","template":"onecolumn-page.php","meta":{"footnotes":""},"class_list":["post-20","page","type-page","status-publish","hentry"],"_links":{"self":[{"href":"http:\/\/in-sight.eu\/index.php?rest_route=\/wp\/v2\/pages\/20","targetHints":{"allow":["GET"]}}],"collection":[{"href":"http:\/\/in-sight.eu\/index.php?rest_route=\/wp\/v2\/pages"}],"about":[{"href":"http:\/\/in-sight.eu\/index.php?rest_route=\/wp\/v2\/types\/page"}],"author":[{"embeddable":true,"href":"http:\/\/in-sight.eu\/index.php?rest_route=\/wp\/v2\/users\/1"}],"replies":[{"embeddable":true,"href":"http:\/\/in-sight.eu\/index.php?rest_route=%2Fwp%2Fv2%2Fcomments&post=20"}],"version-history":[{"count":24,"href":"http:\/\/in-sight.eu\/index.php?rest_route=\/wp\/v2\/pages\/20\/revisions"}],"predecessor-version":[{"id":659,"href":"http:\/\/in-sight.eu\/index.php?rest_route=\/wp\/v2\/pages\/20\/revisions\/659"}],"wp:attachment":[{"href":"http:\/\/in-sight.eu\/index.php?rest_route=%2Fwp%2Fv2%2Fmedia&parent=20"}],"curies":[{"name":"wp","href":"https:\/\/api.w.org\/{rel}","templated":true}]}}