{"id":24,"date":"2014-07-23T19:29:46","date_gmt":"2014-07-23T19:29:46","guid":{"rendered":"http:\/\/in-sight.eu\/?page_id=24"},"modified":"2024-05-21T15:53:20","modified_gmt":"2024-05-21T15:53:20","slug":"enetimer-i-hormonyoga","status":"publish","type":"page","link":"http:\/\/in-sight.eu\/?page_id=24","title":{"rendered":"Enetimer i Hormonyoga"},"content":{"rendered":"<p dir=\"ltr\"><strong><span style=\"font-family: trebuchet ms,geneva; font-size: 12pt;\"><span style=\"color: #b20000;\">PRISER<\/span><\/span><\/strong><br \/>\n<span style=\"font-family: trebuchet ms,geneva; font-size: 12pt;\">850 kr. pr. time, 1.250 kr. for 1,5 time.<\/span><br \/>\n<span style=\"font-family: trebuchet ms,geneva; font-size: 12pt;\">Ved forudbetaling af 5 timer til Merkur Bank Reg.nr. 8401 Kontonr. 1358292, koster det 3.780 kr. (Du f\u00e5r 10% rabat).<\/span><\/p>\n<p dir=\"ltr\"><strong><span style=\"color: #b20000; font-family: trebuchet ms,geneva; font-size: 12pt;\">PROGRAMMET<\/span><\/strong><br \/>\n<span style=\"font-family: trebuchet ms,geneva; font-size: 12pt;\">For at l\u00e6re Hormon Yoga, skal du regne med<\/span><\/p>\n<ul>\n<li><span style=\"font-family: trebuchet ms,geneva; font-size: 12pt;\">1. gang 1,5 time<\/span><\/li>\n<li><span style=\"font-family: trebuchet ms,geneva; font-size: 12pt;\">2. gang 1,5 time<\/span><\/li>\n<li><span style=\"font-family: 'trebuchet ms', geneva, sans-serif;\">3. gang 1 time<\/span><\/li>\n<li><span style=\"font-family: 'trebuchet ms', geneva, sans-serif; font-size: 12pt;\">4. gang 1 time<\/span><\/li>\n<\/ul>\n<p dir=\"ltr\"><span style=\"font-family: trebuchet ms,geneva; font-size: 12pt;\">Herefter kommer det an p\u00e5, hvor sikker du f\u00f8ler dig, men sandsynligvis skal der bare en checkup up time til, efter nogle uger.<\/span><\/p>\n<p><strong><span style=\"color: #b20000;\">METODEN<\/span><\/strong><br \/>\n<span style=\"font-family: trebuchet ms,geneva; font-size: 12pt;\">Hormon Yoga efter Dinah Rodrigues, er et fast program, der kan g\u00f8res p\u00e5 omkring 35 min., n\u00e5r du har det p\u00e5 rygraden. Det er mega effektivt og har hjulpet mange kvinder.<\/span><\/p>\n<p><span style=\"font-family: trebuchet ms,geneva; font-size: 12pt;\">Det kr\u00e6ver en indsats.<\/span><br \/>\n<span style=\"font-family: trebuchet ms,geneva; font-size: 12pt;\">\u00d8velserne er meget detaljerede og programmet skal laves i den samme r\u00e6kkef\u00f8lge hver gang.<\/span><\/p>\n<p><span style=\"font-family: trebuchet ms,geneva; font-size: 12pt;\">Det tager sin tid, at l\u00e6re \u00f8velserne. Det er et bestemt \u00e5ndedr\u00e6t (Bhastrika) og en visualisering med nogle s\u00e5kaldte bandhas og mudras, der gentages igen og igen. N\u00e5r man har l\u00e6rt det, er bunden lagt. Programmet skal altid laves p\u00e5 tom mave.<\/span><\/p>\n<p><span style=\"font-family: trebuchet ms,geneva; font-size: 12pt;\">Jeg har billeder og beskrivelser p\u00e5 \u00f8velserne, som du f\u00e5r med hjem. Visualiseringerne optages p\u00e5 din telefon.<br \/>\nJeg anbefaler at der g\u00e5r ca. en uge mellem de f\u00f8rste 3 gange. Mellem 3. og 4. gang kan der g\u00e5 l\u00e6ngere tid, d 4. gang er en opf\u00f8lgning, hvor jeg tjekker, om der har sneget sig nogle fejl ind under hjemmetr\u00e6ningen &#8211; det har der altid! \ud83d\ude04<\/span><\/p>\n<p><span style=\"font-family: trebuchet ms,geneva; font-size: 12pt;\">Ring eller mail til mig, for at bestille tid. 20 64 58 19 \/ <a href=\"mailto:iris@in-sight.eu\">iris@in-sight.eu<\/a> <\/span><\/p>\n<hr \/>\n<div style=\"text-align: center;\"><span style=\"font-family: 'trebuchet ms', geneva, sans-serif; font-size: 12pt;\">In-Sight v\/Iris U. Schneider, Dagmarsgade\u00a05, 4. th., 2200 K\u00f8benhavn N, CVR: 13798192<br \/>\n<\/span><\/div>\n","protected":false},"excerpt":{"rendered":"<p>PRISER 850 kr. pr. time, 1.250 kr. for 1,5 time. Ved forudbetaling af 5 timer til Merkur Bank Reg.nr. 8401 Kontonr. 1358292, koster det 3.780 kr. (Du f\u00e5r 10% rabat). PROGRAMMET For at l\u00e6re Hormon Yoga, skal du regne med &hellip; <a href=\"http:\/\/in-sight.eu\/?page_id=24\">L\u00e6s resten <span class=\"meta-nav\">&rarr;<\/span><\/a><\/p>\n","protected":false},"author":1,"featured_media":0,"parent":0,"menu_order":1,"comment_status":"closed","ping_status":"closed","template":"onecolumn-page.php","meta":{"footnotes":""},"class_list":["post-24","page","type-page","status-publish","hentry"],"_links":{"self":[{"href":"http:\/\/in-sight.eu\/index.php?rest_route=\/wp\/v2\/pages\/24","targetHints":{"allow":["GET"]}}],"collection":[{"href":"http:\/\/in-sight.eu\/index.php?rest_route=\/wp\/v2\/pages"}],"about":[{"href":"http:\/\/in-sight.eu\/index.php?rest_route=\/wp\/v2\/types\/page"}],"author":[{"embeddable":true,"href":"http:\/\/in-sight.eu\/index.php?rest_route=\/wp\/v2\/users\/1"}],"replies":[{"embeddable":true,"href":"http:\/\/in-sight.eu\/index.php?rest_route=%2Fwp%2Fv2%2Fcomments&post=24"}],"version-history":[{"count":10,"href":"http:\/\/in-sight.eu\/index.php?rest_route=\/wp\/v2\/pages\/24\/revisions"}],"predecessor-version":[{"id":492,"href":"http:\/\/in-sight.eu\/index.php?rest_route=\/wp\/v2\/pages\/24\/revisions\/492"}],"wp:attachment":[{"href":"http:\/\/in-sight.eu\/index.php?rest_route=%2Fwp%2Fv2%2Fmedia&parent=24"}],"curies":[{"name":"wp","href":"https:\/\/api.w.org\/{rel}","templated":true}]}}