{"id":38,"date":"2014-07-23T19:41:40","date_gmt":"2014-07-23T19:41:40","guid":{"rendered":"http:\/\/in-sight.eu\/?page_id=38"},"modified":"2019-11-06T19:58:20","modified_gmt":"2019-11-06T19:58:20","slug":"referencer","status":"publish","type":"page","link":"http:\/\/in-sight.eu\/?page_id=38","title":{"rendered":"Referencer"},"content":{"rendered":"<p align=\"left\"><span style=\"font-family: trebuchet ms,geneva; font-size: 12pt;\">&#8220;T\u00e6nker p\u00e5 dig hver dag p\u00e5 yogam\u00e5tten :), da jeg er kommet mig meget rent fysisk af sp\u00e6ndinger i arme, skuldre, trapezius og brystmusklerne ved dagligt at lave tibetanerne nu i 6 uger.&#8221;<\/span><\/p>\n<p align=\"right\"><span style=\"font-family: trebuchet ms,geneva; font-size: 12pt;\"><em>Toril Harvard &#8211; Holistisk hudterapeaut og rosenterapeaut<\/em><\/span><\/p>\n<p align=\"left\"><span style=\"font-family: trebuchet ms,geneva; font-size: 12pt;\">&#8220;Jeg nyder virkelig din yoga, finder helt ind til mig selv og det er jo s\u00e5 herligt :)&#8221;<\/span><\/p>\n<p align=\"right\"><span style=\"font-family: trebuchet ms,geneva; font-size: 12pt;\"><em>Dorthe Krog Pedersen, Socialp\u00e6dagog og keramiker<\/em><\/span><\/p>\n<hr id=\"null\" \/>\n<div style=\"text-align: center;\"><span style=\"font-family: 'trebuchet ms', geneva, sans-serif; font-size: 12pt;\">In-Sight v\/Iris U. Schneider, Dagmarsgade\u00a05, 4. th., 2200 K\u00f8benhavn N, CVR: 13798192<br \/>\n<\/span><\/div>\n","protected":false},"excerpt":{"rendered":"<p>&#8220;T\u00e6nker p\u00e5 dig hver dag p\u00e5 yogam\u00e5tten :), da jeg er kommet mig meget rent fysisk af sp\u00e6ndinger i arme, skuldre, trapezius og brystmusklerne ved dagligt at lave tibetanerne nu i 6 uger.&#8221; Toril Harvard &#8211; Holistisk hudterapeaut og rosenterapeaut &hellip; <a href=\"http:\/\/in-sight.eu\/?page_id=38\">L\u00e6s resten <span class=\"meta-nav\">&rarr;<\/span><\/a><\/p>\n","protected":false},"author":1,"featured_media":0,"parent":0,"menu_order":5,"comment_status":"closed","ping_status":"closed","template":"onecolumn-page.php","meta":{"footnotes":""},"class_list":["post-38","page","type-page","status-publish","hentry"],"_links":{"self":[{"href":"http:\/\/in-sight.eu\/index.php?rest_route=\/wp\/v2\/pages\/38","targetHints":{"allow":["GET"]}}],"collection":[{"href":"http:\/\/in-sight.eu\/index.php?rest_route=\/wp\/v2\/pages"}],"about":[{"href":"http:\/\/in-sight.eu\/index.php?rest_route=\/wp\/v2\/types\/page"}],"author":[{"embeddable":true,"href":"http:\/\/in-sight.eu\/index.php?rest_route=\/wp\/v2\/users\/1"}],"replies":[{"embeddable":true,"href":"http:\/\/in-sight.eu\/index.php?rest_route=%2Fwp%2Fv2%2Fcomments&post=38"}],"version-history":[{"count":6,"href":"http:\/\/in-sight.eu\/index.php?rest_route=\/wp\/v2\/pages\/38\/revisions"}],"predecessor-version":[{"id":467,"href":"http:\/\/in-sight.eu\/index.php?rest_route=\/wp\/v2\/pages\/38\/revisions\/467"}],"wp:attachment":[{"href":"http:\/\/in-sight.eu\/index.php?rest_route=%2Fwp%2Fv2%2Fmedia&parent=38"}],"curies":[{"name":"wp","href":"https:\/\/api.w.org\/{rel}","templated":true}]}}