{"id":41,"date":"2014-07-23T19:44:57","date_gmt":"2014-07-23T19:44:57","guid":{"rendered":"http:\/\/in-sight.eu\/?page_id=41"},"modified":"2019-11-06T19:58:01","modified_gmt":"2019-11-06T19:58:01","slug":"de-5-tibetanere","status":"publish","type":"page","link":"http:\/\/in-sight.eu\/?page_id=41","title":{"rendered":"De 5 Tibetanere"},"content":{"rendered":"<p><strong><span style=\"color: #b20000; font-family: trebuchet ms,geneva,sans-serif; font-size: 12pt;\">TIDSPUNKT<\/span><\/strong><br \/>\n<span style=\"font-family: trebuchet ms,geneva,sans-serif; font-size: 12pt;\">1. m\u00f8degang: Dato ikke fastsat.<\/span><br \/>\n<span style=\"font-family: trebuchet ms,geneva,sans-serif; font-size: 12pt;\">2. m\u00f8degang: Dato ikke fastsat.<\/span><\/p>\n<p><strong><span style=\"color: #b20000; font-family: trebuchet ms,geneva,sans-serif; font-size: 12pt;\">STED<\/span><\/strong><br \/>\n<span style=\"font-family: trebuchet ms,geneva,sans-serif; font-size: 12pt;\">In-Sight Yoga Studio<\/span><br \/>\n<span style=\"font-family: trebuchet ms,geneva,sans-serif; font-size: 12pt;\">Struenseegade 13 A, 1.<br \/>\n<\/span><span style=\"font-family: trebuchet ms,geneva,sans-serif; font-size: 12pt;\">2200 K\u00f8benhavn N<\/span><br \/>\n<span style=\"font-family: trebuchet ms,geneva,sans-serif; font-size: 12pt;\">Du kan finde adressen med Google Maps her.<\/span><\/p>\n<p><strong><span style=\"color: #b20000; font-family: trebuchet ms,geneva,sans-serif; font-size: 12pt;\">BESKRIVELSE<\/span><\/strong><br \/>\n<span style=\"font-family: trebuchet ms,geneva,sans-serif; font-size: 12pt;\">De 5 Tibetanere, &#8220;Ungdommens Kilde&#8221; , er et kort dynamisk yogaprogram til hjemmebrug.<\/span><\/p>\n<p><span style=\"font-family: trebuchet ms,geneva,sans-serif; font-size: 12pt;\">Kurset forl\u00f8ber over 2 gange<\/span><\/p>\n<p><strong><span style=\"color: #b20000; font-family: trebuchet ms,geneva,sans-serif; font-size: 12pt;\">KURSUSLEDER<\/span><\/strong><br \/>\n<span style=\"font-family: trebuchet ms,geneva,sans-serif; font-size: 12pt;\">Aut. Yogal\u00e6rer Iris U. Schneider.<\/span><br \/>\n<span style=\"font-family: trebuchet ms,geneva,sans-serif; font-size: 12pt;\">Iris har mere end 25 \u00e5rs undervisnings erfaring i yoga og har undervist i De 5 Tibetanere siden midten af 90&#8217;erne.<\/span><\/p>\n<p><strong><span style=\"color: #b20000; font-family: trebuchet ms,geneva,sans-serif; font-size: 12pt;\">HVEM KAN DELTAGE?<\/span><\/strong><br \/>\n<span style=\"font-family: trebuchet ms,geneva,sans-serif; font-size: 12pt;\">Alle, der i en stresset hverdag, har brug for et dagligt, kort og enkelt fysisk program, der fordyber \u00e5ndedr\u00e6ttet, styrker og smidigg\u00f8r kroppen, skaber fokus og \u00f8ger energiniveauet.<\/span><\/p>\n<p><strong><span style=\"color: #b20000; font-family: trebuchet ms,geneva,sans-serif; font-size: 12pt;\">KURSETS M\u00c5L<\/span><\/strong><br \/>\n<span style=\"font-family: trebuchet ms,geneva,sans-serif; font-size: 12pt;\">At du l\u00e6rer \u00f8velserne fra bunden og f\u00e5r et klart og enkelt program med hjem, som du kan bruge til den daglige vedligeholdelse af krop og sind.<\/span><\/p>\n<p><strong><span style=\"color: #b20000; font-family: trebuchet ms,geneva,sans-serif; font-size: 12pt;\">INDHOLD<\/span><\/strong><br \/>\n* <span style=\"font-family: trebuchet ms,geneva,sans-serif; font-size: 12pt;\">Historien bag De 5 Tibetanere<\/span><br \/>\n* <span style=\"font-family: trebuchet ms,geneva,sans-serif; font-size: 12pt;\">Anatomisk korrekt indl\u00e6ring af \u00f8velserne<\/span><br \/>\n* <span style=\"font-family: trebuchet ms,geneva,sans-serif; font-size: 12pt;\">Forbindelse mellem \u00e5ndedr\u00e6t og bev\u00e6gelse<\/span><br \/>\n* <span style=\"font-family: trebuchet ms,geneva,sans-serif; font-size: 12pt;\">Individuel vejledning ved fysiske begr\u00e6nsninger<\/span><br \/>\n* <span style=\"font-family: trebuchet ms,geneva,sans-serif; font-size: 12pt;\">Fysisk og psykisk virkning<\/span><br \/>\n* <span style=\"font-family: trebuchet ms,geneva,sans-serif; font-size: 12pt;\">Indf\u00f8ring i kroppens energicentre (chakras)<\/span><br \/>\n* <span style=\"font-family: trebuchet ms,geneva,sans-serif; font-size: 12pt;\">Erfarings udveksling<\/span><br \/>\n* <span style=\"font-family: trebuchet ms,geneva,sans-serif; font-size: 12pt;\">Individuelle justeringer<\/span><\/p>\n<p><strong><span style=\"color: #b20000; font-family: trebuchet ms,geneva,sans-serif; font-size: 12pt;\">BEM\u00c6RK<\/span><\/strong><br \/>\n<span style=\"font-family: trebuchet ms,geneva,sans-serif; font-size: 12pt;\">Mellem 1. og 2. m\u00f8degang skal du beregne 10 &#8211; 15 min. hver dag til at \u00f8ve dig.<\/span><\/p>\n<p><strong><span style=\"color: #b20000; font-family: trebuchet ms,geneva,sans-serif; font-size: 12pt;\">TILMELDING<\/span><\/strong><br \/>\n<span style=\"font-family: trebuchet ms,geneva,sans-serif; font-size: 12pt;\">Du tilmelder dig ved at sende en e-mail til iris@in-sight.eu<\/span><\/p>\n<p><strong><span style=\"font-family: trebuchet ms,geneva,sans-serif; font-size: 12pt;\"><span style=\"color: #b20000;\">PRIS<\/span> <\/span><\/strong><br \/>\n<span style=\"font-family: trebuchet ms,geneva,sans-serif; font-size: 12pt;\">450 kr., der indbetales p\u00e5 Merkurbank. Reg nr. 8401 Konto nr. 1160953<\/span><\/p>\n<p><span style=\"font-family: trebuchet ms,geneva,sans-serif; font-size: 12pt;\">Har du sp\u00f8rgsm\u00e5l kan du kontakte Iris p\u00e5 telefon: 20 64 58 19<\/span><\/p>\n<p><strong><span style=\"color: #b20000; font-family: trebuchet ms,geneva,sans-serif; font-size: 12pt;\">OBS<\/span><\/strong><br \/>\n<span style=\"font-family: trebuchet ms,geneva,sans-serif; font-size: 12pt;\">Max. 10 deltagere.<\/span><\/p>\n<hr \/>\n<p style=\"text-align: center;\"><span style=\"font-family: 'trebuchet ms', geneva, sans-serif; font-size: 12pt;\">In-Sight v\/Iris U. Schneider, Dagmarsgade\u00a05, 4. th., 2200 K\u00f8benhavn N, CVR: 13798192<br \/>\n<\/span><\/p>\n","protected":false},"excerpt":{"rendered":"<p>TIDSPUNKT 1. m\u00f8degang: Dato ikke fastsat. 2. m\u00f8degang: Dato ikke fastsat. STED In-Sight Yoga Studio Struenseegade 13 A, 1. 2200 K\u00f8benhavn N Du kan finde adressen med Google Maps her. BESKRIVELSE De 5 Tibetanere, &#8220;Ungdommens Kilde&#8221; , er et kort &hellip; <a href=\"http:\/\/in-sight.eu\/?page_id=41\">L\u00e6s resten <span class=\"meta-nav\">&rarr;<\/span><\/a><\/p>\n","protected":false},"author":1,"featured_media":0,"parent":0,"menu_order":4,"comment_status":"closed","ping_status":"closed","template":"onecolumn-page.php","meta":{"footnotes":""},"class_list":["post-41","page","type-page","status-publish","hentry"],"_links":{"self":[{"href":"http:\/\/in-sight.eu\/index.php?rest_route=\/wp\/v2\/pages\/41","targetHints":{"allow":["GET"]}}],"collection":[{"href":"http:\/\/in-sight.eu\/index.php?rest_route=\/wp\/v2\/pages"}],"about":[{"href":"http:\/\/in-sight.eu\/index.php?rest_route=\/wp\/v2\/types\/page"}],"author":[{"embeddable":true,"href":"http:\/\/in-sight.eu\/index.php?rest_route=\/wp\/v2\/users\/1"}],"replies":[{"embeddable":true,"href":"http:\/\/in-sight.eu\/index.php?rest_route=%2Fwp%2Fv2%2Fcomments&post=41"}],"version-history":[{"count":26,"href":"http:\/\/in-sight.eu\/index.php?rest_route=\/wp\/v2\/pages\/41\/revisions"}],"predecessor-version":[{"id":466,"href":"http:\/\/in-sight.eu\/index.php?rest_route=\/wp\/v2\/pages\/41\/revisions\/466"}],"wp:attachment":[{"href":"http:\/\/in-sight.eu\/index.php?rest_route=%2Fwp%2Fv2%2Fmedia&parent=41"}],"curies":[{"name":"wp","href":"https:\/\/api.w.org\/{rel}","templated":true}]}}